{"id":14940,"date":"2022-07-21T08:23:20","date_gmt":"2022-07-21T08:23:20","guid":{"rendered":"https:\/\/gmc-global.com\/?page_id=14940"},"modified":"2023-08-18T12:01:59","modified_gmt":"2023-08-18T12:01:59","slug":"impressum","status":"publish","type":"page","link":"https:\/\/gmc-global.de\/en\/impressum\/","title":{"rendered":"Impressum"},"content":{"rendered":"<h2 class=\"wp-block-heading\"><strong><span style=\"text-decoration: underline\" class=\"underline\"><strong>Angaben gem\u00e4\u00df \u00a75 TMG:<\/strong><\/span><\/strong><\/h2>\n\n\n\n<p>GMC Global Management Consulting GmbH<\/p>\n\n\n\n<p>\u00c4u\u00dfere Sulzbacher Stra\u00dfe 16<\/p>\n\n\n\n<p>D-90489 N\u00fcrnberg<\/p>\n\n\n\n<p>Tel.: \u00ad\u00ad+49 (0) 160 94668840 (Consulting &amp; Training)<\/p>\n\n\n\n<p><\/p>\n\n\n\n<p>E-Mail:&nbsp;<a>buero@gmc-global.de<\/a><\/p>\n\n\n\n<p>Website:&nbsp;<a href=\"https:\/\/gmc-global.de\/en\/\">www.gmc-global.de<\/a><\/p>\n\n\n\n<p>Gesch\u00e4ftsf\u00fchrer: Frank K. Buchmann<\/p>\n\n\n\n<p>Registergericht: Amtsgericht N\u00fcrnberg<\/p>\n\n\n\n<p>Registernummer: HRB 26691<\/p>\n\n\n\n<p>Umsatzsteuer-Identifikationsnummer gem\u00e4\u00df 27a Umsatzsteuergesetz: DE275794361<\/p>\n\n\n\n<p><\/p>\n\n\n\n<p>Aus Gr\u00fcnden der besseren Lesbarkeit wird bei Personenbezeichnungen und personenbezogenen Hauptw\u00f6rtern auf dieser Website die m\u00e4nnliche Form verwendet. Entsprechende Begriffe gelten im Sinne der Gleichbehandlung grunds\u00e4tzlich f\u00fcr alle Geschlechter. Die verk\u00fcrzte Sprachform hat nur redaktionelle Gr\u00fcnde und beinhaltet keine Wertung.<\/p>","protected":false},"excerpt":{"rendered":"<p>Angaben gem\u00e4\u00df \u00a75 TMG: GMC Global Management Consulting GmbH \u00c4u\u00dfere Sulzbacher Stra\u00dfe 16 D-90489 N\u00fcrnberg Tel.: \u00ad\u00ad+49 (0) 160 94668840 (Consulting &amp; Training) E-Mail:&nbsp;buero@gmc-global.de Website:&nbsp;www.gmc-global.de Gesch\u00e4ftsf\u00fchrer: Frank K. Buchmann Registergericht: Amtsgericht N\u00fcrnberg Registernummer: HRB 26691 Umsatzsteuer-Identifikationsnummer gem\u00e4\u00df 27a Umsatzsteuergesetz: DE275794361 Aus Gr\u00fcnden der besseren Lesbarkeit wird bei Personenbezeichnungen und personenbezogenen Hauptw\u00f6rtern auf dieser Website die [&hellip;]<\/p>","protected":false},"author":1,"featured_media":0,"parent":0,"menu_order":0,"comment_status":"closed","ping_status":"open","template":"","meta":{"footnotes":""},"class_list":["post-14940","page","type-page","status-publish","hentry"],"_links":{"self":[{"href":"https:\/\/gmc-global.de\/en\/wp-json\/wp\/v2\/pages\/14940","targetHints":{"allow":["GET"]}}],"collection":[{"href":"https:\/\/gmc-global.de\/en\/wp-json\/wp\/v2\/pages"}],"about":[{"href":"https:\/\/gmc-global.de\/en\/wp-json\/wp\/v2\/types\/page"}],"author":[{"embeddable":true,"href":"https:\/\/gmc-global.de\/en\/wp-json\/wp\/v2\/users\/1"}],"replies":[{"embeddable":true,"href":"https:\/\/gmc-global.de\/en\/wp-json\/wp\/v2\/comments?post=14940"}],"version-history":[{"count":5,"href":"https:\/\/gmc-global.de\/en\/wp-json\/wp\/v2\/pages\/14940\/revisions"}],"predecessor-version":[{"id":15358,"href":"https:\/\/gmc-global.de\/en\/wp-json\/wp\/v2\/pages\/14940\/revisions\/15358"}],"wp:attachment":[{"href":"https:\/\/gmc-global.de\/en\/wp-json\/wp\/v2\/media?parent=14940"}],"curies":[{"name":"wp","href":"https:\/\/api.w.org\/{rel}","templated":true}]}}